{"id":707,"date":"2024-01-16T15:13:26","date_gmt":"2024-01-16T14:13:26","guid":{"rendered":"https:\/\/www.univ-chlef.dz\/istm\/?page_id=707"},"modified":"2024-01-16T15:19:16","modified_gmt":"2024-01-16T14:19:16","slug":"agences-de-recherches-scientifiques","status":"publish","type":"page","link":"https:\/\/istm.univ-chlef.dz\/?page_id=707","title":{"rendered":"AGENCES DE RECHERCHES SCIENTIFIQUES"},"content":{"rendered":"\t\t<div data-elementor-type=\"wp-page\" data-elementor-id=\"707\" class=\"elementor elementor-707\">\n\t\t\t\t<div class=\"elementor-element elementor-element-2b83eaad e-flex e-con-boxed e-con e-parent\" data-id=\"2b83eaad\" data-element_type=\"container\">\n\t\t\t\t\t<div class=\"e-con-inner\">\n\t\t<div class=\"elementor-element elementor-element-72ab8ab e-con-full e-flex e-con e-child\" data-id=\"72ab8ab\" data-element_type=\"container\" data-settings=\"{&quot;background_background&quot;:&quot;classic&quot;}\">\n\t\t\t\t<div class=\"elementor-element elementor-element-6e4aa097 elementor-widget elementor-widget-ucaddon_simple_list_menu\" data-id=\"6e4aa097\" data-element_type=\"widget\" data-widget_type=\"ucaddon_simple_list_menu.default\">\n\t\t\t\t<div class=\"elementor-widget-container\">\n\t\t\t\t\t\n<!-- start List Menu -->\n\t\t<link id='font-awesome-css' href='https:\/\/istm.univ-chlef.dz\/wp-content\/plugins\/unlimited-elements-for-elementor\/assets_libraries\/font-awesome6\/fontawesome-all.min.css' type='text\/css' rel='stylesheet' >\n\t\t<link id='font-awesome-4-shim-css' href='https:\/\/istm.univ-chlef.dz\/wp-content\/plugins\/unlimited-elements-for-elementor\/assets_libraries\/font-awesome6\/fontawesome-v4-shims.min.css' type='text\/css' rel='stylesheet' >\n\n<style>\/* widget: List Menu *\/\n\n#uc_simple_list_menu_elementor_6e4aa097\n{\n  text-align:left;\n}\n#uc_simple_list_menu_elementor_6e4aa097 ul\n{\n  padding:0;\n  list-style:none;\n  margin:0;\n}\n\n#uc_simple_list_menu_elementor_6e4aa097 ul li\n{\n  padding:0;\n  list-style:none;\n  margin:0;\n}\n\n#uc_simple_list_menu_elementor_6e4aa097 ul li.current_page_item\n{\n  background-color:;\n}\n\n#uc_simple_list_menu_elementor_6e4aa097 ul ul li.current_page_item\n{\n  background-color:#f2f2f2;\n}\n\n#uc_simple_list_menu_elementor_6e4aa097 ul ul ul li.current_page_item\n{\n  background-color:#e6e6e6;\n}\n\n#uc_simple_list_menu_elementor_6e4aa097 ul li:last-child\n{\n  border-bottom:none;\n}\n\n#uc_simple_list_menu_elementor_6e4aa097 ul li a\n{\n  text-decoration:none;\n  display:block;\n}\n\n\n\n<\/style>\n\n<div id=\"uc_simple_list_menu_elementor_6e4aa097\" class=\"simple_list_menu\">\n<div class=\"ue_simple_list_menu_title\"><\/div><ul id=\"menu-formation\" class=\"uc-list-menu\"><li id=\"menu-item-767\" class=\"menu-item menu-item-type-post_type menu-item-object-page menu-item-767\"><a href=\"https:\/\/istm.univ-chlef.dz\/?page_id=700\">LE LMD<\/a><\/li>\n<li id=\"menu-item-766\" class=\"menu-item menu-item-type-post_type menu-item-object-page menu-item-766\"><a href=\"https:\/\/istm.univ-chlef.dz\/?page_id=695\">LE DOCTORAT<\/a><\/li>\n<li id=\"menu-item-765\" class=\"menu-item menu-item-type-post_type menu-item-object-page menu-item-765\"><a href=\"https:\/\/istm.univ-chlef.dz\/?page_id=651\">L\u2019HABILITATION UNIVERSITAIRE<\/a><\/li>\n<li id=\"menu-item-764\" class=\"menu-item menu-item-type-post_type menu-item-object-page menu-item-764\"><a href=\"https:\/\/istm.univ-chlef.dz\/?page_id=707\">AGENCES DE RECHERCHES SCIENTIFIQUES<\/a><\/li>\n<\/ul>\n<\/div>\n<!-- end List Menu -->\t\t\t\t<\/div>\n\t\t\t\t<\/div>\n\t\t\t\t<\/div>\n\t\t<div class=\"elementor-element elementor-element-fbb62f4 e-con-full e-flex e-con e-child\" data-id=\"fbb62f4\" data-element_type=\"container\">\n\t\t\t\t<div class=\"elementor-element elementor-element-2752f9bd elementor-widget elementor-widget-text-editor\" data-id=\"2752f9bd\" data-element_type=\"widget\" data-widget_type=\"text-editor.default\">\n\t\t\t\t<div class=\"elementor-widget-container\">\n\t\t\t\t\t\t\t\t\t<p>Veuillez trouver ci-dessous les sites nationaux d\u00e9di\u00e9s \u00e0 la recherche scientifique.<\/p>\t\t\t\t\t\t\t\t<\/div>\n\t\t\t\t<\/div>\n\t\t\t\t<div class=\"elementor-element elementor-element-7d1ac7e1 elementor-align-left elementor-widget elementor-widget-button\" data-id=\"7d1ac7e1\" data-element_type=\"widget\" data-widget_type=\"button.default\">\n\t\t\t\t<div class=\"elementor-widget-container\">\n\t\t\t\t\t\t\t\t\t<div class=\"elementor-button-wrapper\">\n\t\t\t\t\t<a class=\"elementor-button elementor-button-link elementor-size-sm\" href=\"http:\/\/www.dgrsdt.dz\/fr\" target=\"_blank\">\n\t\t\t\t\t\t<span class=\"elementor-button-content-wrapper\">\n\t\t\t\t\t\t\t\t\t<span class=\"elementor-button-text\">DIRECTION GENERALE DE LA RECHERCHE SCIENTIFIQUE ET LE DEVELOPPEMENT TECHNOLOGIQUE<\/span>\n\t\t\t\t\t<\/span>\n\t\t\t\t\t<\/a>\n\t\t\t\t<\/div>\n\t\t\t\t\t\t\t\t<\/div>\n\t\t\t\t<\/div>\n\t\t\t\t<div class=\"elementor-element elementor-element-84eed7d elementor-align-left elementor-widget elementor-widget-button\" data-id=\"84eed7d\" data-element_type=\"widget\" data-widget_type=\"button.default\">\n\t\t\t\t<div class=\"elementor-widget-container\">\n\t\t\t\t\t\t\t\t\t<div class=\"elementor-button-wrapper\">\n\t\t\t\t\t<a class=\"elementor-button elementor-button-link elementor-size-sm\" href=\"https:\/\/atrst.dz\/\" target=\"_blank\">\n\t\t\t\t\t\t<span class=\"elementor-button-content-wrapper\">\n\t\t\t\t\t\t\t\t\t<span class=\"elementor-button-text\">AGENCE THEMATIQUE DE RECHERCHE EN SCIENCES ET TECHNOLOGIE<\/span>\n\t\t\t\t\t<\/span>\n\t\t\t\t\t<\/a>\n\t\t\t\t<\/div>\n\t\t\t\t\t\t\t\t<\/div>\n\t\t\t\t<\/div>\n\t\t\t\t<div class=\"elementor-element elementor-element-e4a386b elementor-align-left elementor-widget elementor-widget-button\" data-id=\"e4a386b\" data-element_type=\"widget\" data-widget_type=\"button.default\">\n\t\t\t\t<div class=\"elementor-widget-container\">\n\t\t\t\t\t\t\t\t\t<div class=\"elementor-button-wrapper\">\n\t\t\t\t\t<a class=\"elementor-button elementor-button-link elementor-size-sm\" href=\"https:\/\/www.atrssv.dz\/\" target=\"_blank\">\n\t\t\t\t\t\t<span class=\"elementor-button-content-wrapper\">\n\t\t\t\t\t\t\t\t\t<span class=\"elementor-button-text\">AGENCE THEMATIQUE DE RECHERCHE EN SCIENCES DE LA SANTE<\/span>\n\t\t\t\t\t<\/span>\n\t\t\t\t\t<\/a>\n\t\t\t\t<\/div>\n\t\t\t\t\t\t\t\t<\/div>\n\t\t\t\t<\/div>\n\t\t\t\t<\/div>\n\t\t\t\t\t<\/div>\n\t\t\t\t<\/div>\n\t\t\t\t<\/div>\n\t\t","protected":false},"excerpt":{"rendered":"<p>REGLEMENTATIONS Veuillez trouver ci-dessous les sites nationaux d\u00e9di\u00e9s \u00e0 la recherche scientifique. DIRECTION GENERALE DE LA RECHERCHE SCIENTIFIQUE ET LE DEVELOPPEMENT TECHNOLOGIQUE AGENCE THEMATIQUE DE RECHERCHE EN SCIENCES ET TECHNOLOGIE AGENCE THEMATIQUE DE RECHERCHE EN SCIENCES DE LA SANTE<\/p>\n","protected":false},"author":4,"featured_media":0,"parent":53,"menu_order":0,"comment_status":"closed","ping_status":"closed","template":"elementor_header_footer","meta":{"footnotes":""},"class_list":["post-707","page","type-page","status-publish","hentry","entry"],"_links":{"self":[{"href":"https:\/\/istm.univ-chlef.dz\/index.php?rest_route=\/wp\/v2\/pages\/707","targetHints":{"allow":["GET"]}}],"collection":[{"href":"https:\/\/istm.univ-chlef.dz\/index.php?rest_route=\/wp\/v2\/pages"}],"about":[{"href":"https:\/\/istm.univ-chlef.dz\/index.php?rest_route=\/wp\/v2\/types\/page"}],"author":[{"embeddable":true,"href":"https:\/\/istm.univ-chlef.dz\/index.php?rest_route=\/wp\/v2\/users\/4"}],"replies":[{"embeddable":true,"href":"https:\/\/istm.univ-chlef.dz\/index.php?rest_route=%2Fwp%2Fv2%2Fcomments&post=707"}],"version-history":[{"count":4,"href":"https:\/\/istm.univ-chlef.dz\/index.php?rest_route=\/wp\/v2\/pages\/707\/revisions"}],"predecessor-version":[{"id":711,"href":"https:\/\/istm.univ-chlef.dz\/index.php?rest_route=\/wp\/v2\/pages\/707\/revisions\/711"}],"up":[{"embeddable":true,"href":"https:\/\/istm.univ-chlef.dz\/index.php?rest_route=\/wp\/v2\/pages\/53"}],"wp:attachment":[{"href":"https:\/\/istm.univ-chlef.dz\/index.php?rest_route=%2Fwp%2Fv2%2Fmedia&parent=707"}],"curies":[{"name":"wp","href":"https:\/\/api.w.org\/{rel}","templated":true}]}}