{"id":695,"date":"2024-01-16T14:52:22","date_gmt":"2024-01-16T13:52:22","guid":{"rendered":"https:\/\/www.univ-chlef.dz\/istm\/?page_id=695"},"modified":"2024-01-16T14:53:15","modified_gmt":"2024-01-16T13:53:15","slug":"le-doctorat","status":"publish","type":"page","link":"https:\/\/istm.univ-chlef.dz\/?page_id=695","title":{"rendered":"LE DOCTORAT"},"content":{"rendered":"\t\t<div data-elementor-type=\"wp-page\" data-elementor-id=\"695\" class=\"elementor elementor-695\">\n\t\t\t\t<div class=\"elementor-element elementor-element-2b83eaad e-flex e-con-boxed e-con e-parent\" data-id=\"2b83eaad\" data-element_type=\"container\">\n\t\t\t\t\t<div class=\"e-con-inner\">\n\t\t<div class=\"elementor-element elementor-element-72ab8ab e-con-full e-flex e-con e-child\" data-id=\"72ab8ab\" data-element_type=\"container\" data-settings=\"{&quot;background_background&quot;:&quot;classic&quot;}\">\n\t\t\t\t<div class=\"elementor-element elementor-element-6e4aa097 elementor-widget elementor-widget-ucaddon_simple_list_menu\" data-id=\"6e4aa097\" data-element_type=\"widget\" data-widget_type=\"ucaddon_simple_list_menu.default\">\n\t\t\t\t<div class=\"elementor-widget-container\">\n\t\t\t\t\t\n<!-- start List Menu -->\n\t\t<link id='font-awesome-css' href='https:\/\/istm.univ-chlef.dz\/wp-content\/plugins\/unlimited-elements-for-elementor\/assets_libraries\/font-awesome6\/fontawesome-all.min.css' type='text\/css' rel='stylesheet' >\n\t\t<link id='font-awesome-4-shim-css' href='https:\/\/istm.univ-chlef.dz\/wp-content\/plugins\/unlimited-elements-for-elementor\/assets_libraries\/font-awesome6\/fontawesome-v4-shims.min.css' type='text\/css' rel='stylesheet' >\n\n<style>\/* widget: List Menu *\/\n\n#uc_simple_list_menu_elementor_6e4aa097\n{\n  text-align:left;\n}\n#uc_simple_list_menu_elementor_6e4aa097 ul\n{\n  padding:0;\n  list-style:none;\n  margin:0;\n}\n\n#uc_simple_list_menu_elementor_6e4aa097 ul li\n{\n  padding:0;\n  list-style:none;\n  margin:0;\n}\n\n#uc_simple_list_menu_elementor_6e4aa097 ul li.current_page_item\n{\n  background-color:;\n}\n\n#uc_simple_list_menu_elementor_6e4aa097 ul ul li.current_page_item\n{\n  background-color:#f2f2f2;\n}\n\n#uc_simple_list_menu_elementor_6e4aa097 ul ul ul li.current_page_item\n{\n  background-color:#e6e6e6;\n}\n\n#uc_simple_list_menu_elementor_6e4aa097 ul li:last-child\n{\n  border-bottom:none;\n}\n\n#uc_simple_list_menu_elementor_6e4aa097 ul li a\n{\n  text-decoration:none;\n  display:block;\n}\n\n\n\n<\/style>\n\n<div id=\"uc_simple_list_menu_elementor_6e4aa097\" class=\"simple_list_menu\">\n<div class=\"ue_simple_list_menu_title\"><\/div><ul id=\"menu-formation\" class=\"uc-list-menu\"><li id=\"menu-item-767\" class=\"menu-item menu-item-type-post_type menu-item-object-page menu-item-767\"><a href=\"https:\/\/istm.univ-chlef.dz\/?page_id=700\">LE LMD<\/a><\/li>\n<li id=\"menu-item-766\" class=\"menu-item menu-item-type-post_type menu-item-object-page menu-item-766\"><a href=\"https:\/\/istm.univ-chlef.dz\/?page_id=695\">LE DOCTORAT<\/a><\/li>\n<li id=\"menu-item-765\" class=\"menu-item menu-item-type-post_type menu-item-object-page menu-item-765\"><a href=\"https:\/\/istm.univ-chlef.dz\/?page_id=651\">L\u2019HABILITATION UNIVERSITAIRE<\/a><\/li>\n<li id=\"menu-item-764\" class=\"menu-item menu-item-type-post_type menu-item-object-page menu-item-764\"><a href=\"https:\/\/istm.univ-chlef.dz\/?page_id=707\">AGENCES DE RECHERCHES SCIENTIFIQUES<\/a><\/li>\n<\/ul>\n<\/div>\n<!-- end List Menu -->\t\t\t\t<\/div>\n\t\t\t\t<\/div>\n\t\t\t\t<\/div>\n\t\t<div class=\"elementor-element elementor-element-fbb62f4 e-con-full e-flex e-con e-child\" data-id=\"fbb62f4\" data-element_type=\"container\">\n\t\t\t\t<div class=\"elementor-element elementor-element-ec3b1c8 elementor-widget elementor-widget-text-editor\" data-id=\"ec3b1c8\" data-element_type=\"widget\" data-widget_type=\"text-editor.default\">\n\t\t\t\t<div class=\"elementor-widget-container\">\n\t\t\t\t\t\t\t\t\t<div class=\"elementor elementor-190\" data-elementor-type=\"wp-page\" data-elementor-id=\"190\"><section class=\"elementor-section elementor-top-section elementor-element elementor-element-3fe057bb elementor-section-boxed elementor-section-height-default elementor-section-height-default\" data-id=\"3fe057bb\" data-element_type=\"section\" data-settings=\"{&quot;background_background&quot;:&quot;classic&quot;}\"><div class=\"elementor-container elementor-column-gap-default\"><div class=\"elementor-column elementor-col-100 elementor-top-column elementor-element elementor-element-9835658\" data-id=\"9835658\" data-element_type=\"column\"><div class=\"elementor-widget-wrap elementor-element-populated\"><div class=\"elementor-element elementor-element-e9e8cbb elementor-widget elementor-widget-text-editor\" data-id=\"e9e8cbb\" data-element_type=\"widget\" data-widget_type=\"text-editor.default\"><div class=\"elementor-widget-container\"><div class=\"elementor-element elementor-element-e9e8cbb elementor-widget elementor-widget-text-editor\" data-id=\"e9e8cbb\" data-element_type=\"widget\" data-widget_type=\"text-editor.default\"><div class=\"elementor-widget-container\"><ul><li><p>L\u2019organisation de la formation de troisi\u00e8me cycle du syst\u00e8me LMD est d\u00e9termin\u00e9e par l\u2019arr\u00eat\u00e9 n\u00b0345 du 17 octobre 2012.<\/p><\/li><li><p>La dur\u00e9e de pr\u00e9paration du doctorat \u00a0est fix\u00e9 \u00e0 trois (03) ann\u00e9es cons\u00e9cutives.une d\u00e9rogation, d\u2019une \u00e0 deux ann\u00e9es suppl\u00e9mentaires, peut -\u00eatre \u00a0exceptionnellement accord\u00e9e par le chef d\u2019\u00e9tablissement sur proposition du conseil scientifique, et apr\u00e8s avis motiv\u00e9 du directeur de th\u00e8se qui en formule la demande et du CFD.<\/p><\/li><li><p>L\u2019acc\u00e8s \u00e0 la formation est ouvert, sur concours, aux candidats titulaires d\u2019un master, ou d\u2019un dipl\u00f4me \u00e9tranger reconnu \u00e9quivalent.<\/p><\/li><li><p>Le concours est national, il est organis\u00e9 par l\u2019\u00e9tablissement habilit\u00e9 en deux \u00e9tapes :<\/p><\/li><\/ul><p>\u2013 Etude du dossier du candidat.<\/p><p>\u2013 \u00c9preuves \u00e9crites.<\/p><ul><li><p align=\"justify\">Le candidat retenu doit, d\u00e8s son inscription, choisir un sujet de th\u00e8se propos\u00e9 par un directeur de et de d\u00e9poser pour validation aupr\u00e8s des services administratifs et des organes scientifiques habilit\u00e9s.<\/p><\/li><li><p align=\"justify\">Le doctorat comporte des formations utiles tels les conf\u00e9rences, les ateliers doctoraux et les s\u00e9minaires, de plus les doctorants sont tenus \u00e0 pr\u00e9senter des expos\u00e9s semestriellement.<\/p><\/li><li><p align=\"justify\">La th\u00e8se de doctorat doit faire l\u2019objet d\u2019au moins (01) une publication dans une revue scientifique; elle est sanctionn\u00e9e par la soutenance devant un jury form\u00e9 de quatre (04) \u00e0 (06) six membres ( professeur ou ma\u00eetre de conf\u00e9rences classe A) dont un deux membres sont ext\u00e9rieurs \u00e0 l\u2019\u00e9tablissement.<\/p><\/li><li><p align=\"justify\">L\u2019admission ou l\u2019ajournement du candidat est d\u00e9cid\u00e9 \u00e0 l\u2019issue de la soutenance,\u00a0en cas de r\u00e9ussite, le doctorant s\u2019attribue le titre de \u00ab docteur \u00bb avec la mention \u00ab honorable \u00bb ou \u00ab tr\u00e8s honorable \u00bb.<\/p><\/li><\/ul><p><strong>Textes de r\u00e9f\u00e9rences :<\/strong><\/p><ul><li><p align=\"justify\">D\u00e9cret ex\u00e9cutif n\u00b008-265 du 19-08-2008 (Fr \u2013 Ar) portant r\u00e9gime des \u00e9tudes en vue de l\u2019obtention du dipl\u00f4me de licence, du dipl\u00f4me de master et du dipl\u00f4me de doctorat.<\/p><\/li><li><p align=\"justify\">Arr\u00eat\u00e9 n\u00b0 191 \u00a0du 16 juillet 2012 fixant l\u2019organisation de la formation de troisi\u00e8me cycle en vue de l\u2019obtention du doctorat<\/p><\/li><li><p align=\"justify\">Arr\u00eat\u00e9 n\u00b0 345 du 17 octobre 2012 modifiant et compl\u00e9tant l\u2019arr\u00eat\u00e9 n\u00b0191 du 16 \u00a0juillet 2012 fixant l\u2019organisation de la formation de troisi\u00e8me cycle en vue de l\u2019obtention du doctorat.<\/p><\/li><\/ul><p><strong>Les Doctorats LMD ouverts \u00e0 l\u2019Universit\u00e9 Hassiba Benbouali de Chlef :<\/strong><\/p><ul><li><p>Arr\u00eat\u00e9 n\u00b0 361 du 19 juillet 2012<\/p><\/li><li><p>Arr\u00eat\u00e9 n\u00b0 617 du 02 octobre 2011<\/p><\/li><li><p>Arr\u00eat\u00e9 n\u00b0 618 du 28 octobre 2010<\/p><\/li><\/ul><\/div><\/div><div class=\"elementor-element elementor-element-439d7c03 elementor-align-justify elementor-widget elementor-widget-button\" data-id=\"439d7c03\" data-element_type=\"widget\" data-widget_type=\"button.default\"><div class=\"elementor-widget-container\"><div class=\"elementor-button-wrapper\">\u00a0<\/div><\/div><\/div><\/div><\/div><\/div><\/div><\/div><\/section><\/div>\t\t\t\t\t\t\t\t<\/div>\n\t\t\t\t<\/div>\n\t\t\t\t<\/div>\n\t\t\t\t\t<\/div>\n\t\t\t\t<\/div>\n\t\t\t\t<\/div>\n\t\t","protected":false},"excerpt":{"rendered":"<p>REGLEMENTATIONS L\u2019organisation de la formation de troisi\u00e8me cycle du syst\u00e8me LMD est d\u00e9termin\u00e9e par l\u2019arr\u00eat\u00e9 n\u00b0345 du 17 octobre 2012. La dur\u00e9e de pr\u00e9paration du doctorat \u00a0est fix\u00e9 \u00e0 trois (03) ann\u00e9es cons\u00e9cutives.une d\u00e9rogation, d\u2019une \u00e0 deux ann\u00e9es suppl\u00e9mentaires, peut -\u00eatre \u00a0exceptionnellement accord\u00e9e par le chef d\u2019\u00e9tablissement sur proposition du conseil scientifique, et apr\u00e8s avis&hellip; <a class=\"more-link\" href=\"https:\/\/istm.univ-chlef.dz\/?page_id=695\">Poursuivre la lecture <span class=\"screen-reader-text\">LE DOCTORAT<\/span><\/a><\/p>\n","protected":false},"author":4,"featured_media":0,"parent":53,"menu_order":0,"comment_status":"closed","ping_status":"closed","template":"elementor_header_footer","meta":{"footnotes":""},"class_list":["post-695","page","type-page","status-publish","hentry","entry"],"_links":{"self":[{"href":"https:\/\/istm.univ-chlef.dz\/index.php?rest_route=\/wp\/v2\/pages\/695","targetHints":{"allow":["GET"]}}],"collection":[{"href":"https:\/\/istm.univ-chlef.dz\/index.php?rest_route=\/wp\/v2\/pages"}],"about":[{"href":"https:\/\/istm.univ-chlef.dz\/index.php?rest_route=\/wp\/v2\/types\/page"}],"author":[{"embeddable":true,"href":"https:\/\/istm.univ-chlef.dz\/index.php?rest_route=\/wp\/v2\/users\/4"}],"replies":[{"embeddable":true,"href":"https:\/\/istm.univ-chlef.dz\/index.php?rest_route=%2Fwp%2Fv2%2Fcomments&post=695"}],"version-history":[{"count":4,"href":"https:\/\/istm.univ-chlef.dz\/index.php?rest_route=\/wp\/v2\/pages\/695\/revisions"}],"predecessor-version":[{"id":699,"href":"https:\/\/istm.univ-chlef.dz\/index.php?rest_route=\/wp\/v2\/pages\/695\/revisions\/699"}],"up":[{"embeddable":true,"href":"https:\/\/istm.univ-chlef.dz\/index.php?rest_route=\/wp\/v2\/pages\/53"}],"wp:attachment":[{"href":"https:\/\/istm.univ-chlef.dz\/index.php?rest_route=%2Fwp%2Fv2%2Fmedia&parent=695"}],"curies":[{"name":"wp","href":"https:\/\/api.w.org\/{rel}","templated":true}]}}