{"id":375,"date":"2023-12-18T17:08:09","date_gmt":"2023-12-18T14:08:09","guid":{"rendered":"https:\/\/www.univ-chlef.dz\/istm\/?page_id=375"},"modified":"2026-04-02T11:04:10","modified_gmt":"2026-04-02T10:04:10","slug":"direction","status":"publish","type":"page","link":"https:\/\/istm.univ-chlef.dz\/?page_id=375","title":{"rendered":"DIRECTION"},"content":{"rendered":"<style>\/*! elementor - v3.18.0 - 08-12-2023 *\/<br \/>\n.elementor-heading-title{padding:0;margin:0;line-height:1}.elementor-widget-heading .elementor-heading-title[class*=elementor-size-]>a{color:inherit;font-size:inherit;line-height:inherit}.elementor-widget-heading .elementor-heading-title.elementor-size-small{font-size:15px}.elementor-widget-heading .elementor-heading-title.elementor-size-medium{font-size:19px}.elementor-widget-heading .elementor-heading-title.elementor-size-large{font-size:29px}.elementor-widget-heading .elementor-heading-title.elementor-size-xl{font-size:39px}.elementor-widget-heading .elementor-heading-title.elementor-size-xxl{font-size:59px}<\/style>\n<h2 style=\"text-align: center;\">Le Directeur de l&rsquo;institut<\/h2>\n<h3 style=\"text-align: center;\">Docteur Boukabcha Nourdine<\/h3>\n<p style=\"text-align: center;\">Bureau N\u00b0129<\/p>\n<p style=\"text-align: center;\">T\u00e9l\u00e9phone :<\/p>\n<p style=\"text-align: center;\">Email : n.boukabcha@univ-chlef.dz<\/p>\n<h2 style=\"text-align: center;\">Directeur adjoint charg\u00e9 de la p\u00e9dagogie<\/h2>\n<p style=\"text-align: center;\">Docteur Fay\u00e7al MEHEDI<br \/>\nBureau N\u00b0&#8230;<\/p>\n<p style=\"text-align: center;\">T\u00e9l\u00e9phone:<\/p>\n<p style=\"text-align: center;\">Email : f.mehedi@univ-chlef.dz<\/p>\n<h2 style=\"text-align: center;\">Directeur adjoint charg\u00e9 de la post-graduation, la recherche scientifique et les relations ext\u00e9rieures<\/h2>\n<p style=\"text-align: center;\">Docteur Chahinez LAAMA<br \/>\nBureau N\u00b0&#8230;<\/p>\n<p style=\"text-align: center;\">T\u00e9l\u00e9phone :<\/p>\n<p style=\"text-align: center;\">Email : c.laama@univ-chlef.dz<\/p>\n","protected":false},"excerpt":{"rendered":"<p>Le Directeur de l&rsquo;institut Docteur Boukabcha Nourdine Bureau N\u00b0129 T\u00e9l\u00e9phone : Email : n.boukabcha@univ-chlef.dz Directeur adjoint charg\u00e9 de la p\u00e9dagogie Docteur Fay\u00e7al MEHEDI Bureau N\u00b0&#8230; T\u00e9l\u00e9phone: Email : f.mehedi@univ-chlef.dz Directeur adjoint charg\u00e9 de la post-graduation, la recherche scientifique et les relations ext\u00e9rieures Docteur Chahinez LAAMA Bureau N\u00b0&#8230; T\u00e9l\u00e9phone : Email : c.laama@univ-chlef.dz<\/p>\n","protected":false},"author":4,"featured_media":0,"parent":214,"menu_order":0,"comment_status":"closed","ping_status":"closed","template":"elementor_header_footer","meta":{"footnotes":""},"class_list":["post-375","page","type-page","status-publish","hentry","entry"],"_links":{"self":[{"href":"https:\/\/istm.univ-chlef.dz\/index.php?rest_route=\/wp\/v2\/pages\/375","targetHints":{"allow":["GET"]}}],"collection":[{"href":"https:\/\/istm.univ-chlef.dz\/index.php?rest_route=\/wp\/v2\/pages"}],"about":[{"href":"https:\/\/istm.univ-chlef.dz\/index.php?rest_route=\/wp\/v2\/types\/page"}],"author":[{"embeddable":true,"href":"https:\/\/istm.univ-chlef.dz\/index.php?rest_route=\/wp\/v2\/users\/4"}],"replies":[{"embeddable":true,"href":"https:\/\/istm.univ-chlef.dz\/index.php?rest_route=%2Fwp%2Fv2%2Fcomments&post=375"}],"version-history":[{"count":22,"href":"https:\/\/istm.univ-chlef.dz\/index.php?rest_route=\/wp\/v2\/pages\/375\/revisions"}],"predecessor-version":[{"id":2946,"href":"https:\/\/istm.univ-chlef.dz\/index.php?rest_route=\/wp\/v2\/pages\/375\/revisions\/2946"}],"up":[{"embeddable":true,"href":"https:\/\/istm.univ-chlef.dz\/index.php?rest_route=\/wp\/v2\/pages\/214"}],"wp:attachment":[{"href":"https:\/\/istm.univ-chlef.dz\/index.php?rest_route=%2Fwp%2Fv2%2Fmedia&parent=375"}],"curies":[{"name":"wp","href":"https:\/\/api.w.org\/{rel}","templated":true}]}}