{"id":352,"date":"2023-12-18T13:44:52","date_gmt":"2023-12-18T10:44:52","guid":{"rendered":"https:\/\/www.univ-chlef.dz\/istm\/?page_id=352"},"modified":"2023-12-18T13:46:27","modified_gmt":"2023-12-18T10:46:27","slug":"activites-etudiantines-2","status":"publish","type":"page","link":"https:\/\/istm.univ-chlef.dz\/?page_id=352","title":{"rendered":"ACTIVITES ETUDIANTINES"},"content":{"rendered":"\t\t<div data-elementor-type=\"wp-page\" data-elementor-id=\"352\" class=\"elementor elementor-352\">\n\t\t\t\t<div class=\"elementor-element elementor-element-5b4980a9 e-flex e-con-boxed e-con e-parent\" data-id=\"5b4980a9\" data-element_type=\"container\">\n\t\t\t\t\t<div class=\"e-con-inner\">\n\t\t<div class=\"elementor-element elementor-element-19ca9763 e-con-full e-flex e-con e-child\" data-id=\"19ca9763\" data-element_type=\"container\" data-settings=\"{&quot;background_background&quot;:&quot;classic&quot;}\">\n\t\t\t\t<div class=\"elementor-element elementor-element-6051da44 elementor-widget elementor-widget-ucaddon_simple_list_menu\" data-id=\"6051da44\" data-element_type=\"widget\" data-widget_type=\"ucaddon_simple_list_menu.default\">\n\t\t\t\t<div class=\"elementor-widget-container\">\n\t\t\t\t\t\n<!-- start List Menu -->\n\t\t<link id='font-awesome-css' href='https:\/\/istm.univ-chlef.dz\/wp-content\/plugins\/unlimited-elements-for-elementor\/assets_libraries\/font-awesome6\/fontawesome-all.min.css' type='text\/css' rel='stylesheet' >\n\t\t<link id='font-awesome-4-shim-css' href='https:\/\/istm.univ-chlef.dz\/wp-content\/plugins\/unlimited-elements-for-elementor\/assets_libraries\/font-awesome6\/fontawesome-v4-shims.min.css' type='text\/css' rel='stylesheet' >\n\n<style>\/* widget: List Menu *\/\n\n#uc_simple_list_menu_elementor_6051da44\n{\n  text-align:left;\n}\n#uc_simple_list_menu_elementor_6051da44 ul\n{\n  padding:0;\n  list-style:none;\n  margin:0;\n}\n\n#uc_simple_list_menu_elementor_6051da44 ul li\n{\n  padding:0;\n  list-style:none;\n  margin:0;\n}\n\n#uc_simple_list_menu_elementor_6051da44 ul li.current_page_item\n{\n  background-color:;\n}\n\n#uc_simple_list_menu_elementor_6051da44 ul ul li.current_page_item\n{\n  background-color:#f2f2f2;\n}\n\n#uc_simple_list_menu_elementor_6051da44 ul ul ul li.current_page_item\n{\n  background-color:#e6e6e6;\n}\n\n#uc_simple_list_menu_elementor_6051da44 ul li:last-child\n{\n  border-bottom:none;\n}\n\n#uc_simple_list_menu_elementor_6051da44 ul li a\n{\n  text-decoration:none;\n  display:block;\n}\n\n\n\n<\/style>\n\n<div id=\"uc_simple_list_menu_elementor_6051da44\" class=\"simple_list_menu\">\n<div class=\"ue_simple_list_menu_title\"><\/div><ul id=\"menu-menu-actualite\" class=\"uc-list-menu\"><li id=\"menu-item-252\" class=\"menu-item menu-item-type-post_type menu-item-object-page menu-item-252\"><a href=\"https:\/\/istm.univ-chlef.dz\/?page_id=123\">ANNONCES<\/a><\/li>\n<li id=\"menu-item-818\" class=\"menu-item menu-item-type-post_type menu-item-object-page menu-item-818\"><a href=\"https:\/\/istm.univ-chlef.dz\/?page_id=813\">MARCHES PUBLICS<\/a><\/li>\n<li id=\"menu-item-793\" class=\"menu-item menu-item-type-post_type menu-item-object-page menu-item-793\"><a href=\"https:\/\/istm.univ-chlef.dz\/?page_id=347\">BOURSES UNIVERSITAIRES<\/a><\/li>\n<li id=\"menu-item-792\" class=\"menu-item menu-item-type-post_type menu-item-object-page menu-item-792\"><a href=\"https:\/\/istm.univ-chlef.dz\/?page_id=352\">ACTIVITES ETUDIANTINES<\/a><\/li>\n<li id=\"menu-item-794\" class=\"menu-item menu-item-type-post_type menu-item-object-page menu-item-794\"><a href=\"https:\/\/istm.univ-chlef.dz\/?page_id=357\">EVENEMENTS<\/a><\/li>\n<\/ul>\n<\/div>\n<!-- end List Menu -->\t\t\t\t<\/div>\n\t\t\t\t<\/div>\n\t\t\t\t<\/div>\n\t\t<div class=\"elementor-element elementor-element-4dce143f e-con-full e-flex e-con e-child\" data-id=\"4dce143f\" data-element_type=\"container\">\n\t\t\t\t<div class=\"elementor-element elementor-element-68fd864c elementor-widget elementor-widget-ucaddon_post_list\" data-id=\"68fd864c\" data-element_type=\"widget\" data-widget_type=\"ucaddon_post_list.default\">\n\t\t\t\t<div class=\"elementor-widget-container\">\n\t\t\t\t\t\n<!-- start Post List -->\n\n<style>\/* widget: Post List *\/\n\n\n\n#uc_post_list_elementor_68fd864c\n{\n  display:grid;\n}\n\n\n#uc_post_list_elementor_68fd864c .uc_post_list_image div\n{\n  background-size:cover;\n  background-position:center;\n}\n\n\n.uc_post_list .uc_post_list_box{\n\tposition: relative;\n\toverflow: hidden;\n\tdisplay: flex;\n}\n\n#uc_post_list_elementor_68fd864c .uc_post_list_image\n{\n  flex-grow:0;\n  flex-shrink:0;\n}\n\n#uc_post_list_elementor_68fd864c .uc_post_list_image img\n{\n  width:100%;\n  height:100%;\n  display:block;\n  transition:0.3s;\n  \n}\n\n\n.uc_post_list_title a{\n\tcolor: #333333;\n    display: block;\n}\n.uc_post_list_date{\n\tfont-size: 12px;\n}\n\n#uc_post_list_elementor_68fd864c .uc_post_list_content\n{\n  display:flex;\n  flex-direction:column;\n  flex:1;\n}\n\n#uc_post_list_elementor_68fd864c .uc_more_btn{\n\n  text-align:center;\n  text-decoration:none;\n  transition:0.3s;\n}\n\n#uc_post_list_elementor_68fd864c .button-on-side\n{\n  display:flex;\n  align-items:center;\n}\n\n\n.ue-grid-item-category a\n{\n  display:inline-block;\n  font-size:10px;\n  text-transform:uppercase;\n}\n\n#uc_post_list_elementor_68fd864c .ue-meta-data\n{\n  \n  display:flex;\n\n  flex-wrap: wrap;\n  line-height:1em;\n}\n\n#uc_post_list_elementor_68fd864c .ue-grid-item-meta-data\n{\n      display:inline-flex;\n      align-items:center;\n}\n\n.ue-grid-item-meta-data\n{\n  font-size:12px;\n}\n\n#uc_post_list_elementor_68fd864c .ue-grid-item-meta-data-icon\n{\n  line-height:1em;\n}\n\n#uc_post_list_elementor_68fd864c .ue-grid-item-meta-data-icon svg\n{\n  width:1em;\n  height:1em;\n}\n\n\n\n#uc_post_list_elementor_68fd864c .ue-debug-meta\n{\n  padding:10px;\n  border:1px solid red;\n  position:relative;\n  line-height:1.5em;\n  font-size:11px;\n  width:100%;\n}\n\n.uc-remote-parent .uc_post_list_box{\n\tcursor:pointer;\n}\n\n#uc_post_list_elementor_68fd864c .ue-post-link-overlay\n{\n  display:block;\n  position:absolute;\n  top:0;\n  bottom:0;\n  right:0;\n  left:0;\n}\n\n  #uc_post_list_elementor_68fd864c .ue_tags_terms{\n    display: flex;\n  }\n\n\n<\/style>\n\n<div class=\"uc_post_list uc-items-wrapper uc-filterable-grid \" id=\"uc_post_list_elementor_68fd864c\"  data-ajax='true'  data-filterbehave='ajax'  querydata='{&quot;count_posts&quot;:8,&quot;total_posts&quot;:83,&quot;page&quot;:1,&quot;num_pages&quot;:11}' >    \t\n  <div class=\"uc_post_list_box\">\n    \n  \t\t\n  \n    <div class=\"uc_post_list_content\">\n      <div class=\"uc_post_list_content_inside\">\n        \n                  <div class=\"ue_tags_terms\"><\/div>     \n        <div class=\"uc_post_list_title\"><a target=\"_self\" href=\"https:\/\/istm.univ-chlef.dz\/?p=2936\" title=\"Annonce  Concernant La quatri\u00e8me \u00e9dition du Salon national de l&#039;innovation et des startups.\">Annonce  Concernant La quatri\u00e8me \u00e9dition du Salon national de l'innovation et des startups.<\/a><\/div>                 \n        <div class=\"ue-meta-data\">\n            <div class=\"ue-grid-item-meta-data\"><span class=\"ue-grid-item-meta-data-icon\"><i class='fas fa-calendar-week'><\/i><\/span>  2 avril\u060c 2026<\/div>                                   \n            \n          \n                        \n            \n                        \n                        \n            \n              \n          <\/div>         \n                \n                    \n        \n                 \n      <\/div>\n    <\/div>\n     \n       \n  \n   <\/div>\n<div class=\"uc_post_list_box\">\n    \n  \t\t\n  \n    <div class=\"uc_post_list_content\">\n      <div class=\"uc_post_list_content_inside\">\n        \n                  <div class=\"ue_tags_terms\"><\/div>     \n        <div class=\"uc_post_list_title\"><a target=\"_self\" href=\"https:\/\/istm.univ-chlef.dz\/?p=2924\" title=\"Annonce  Concernant La Manifestation Nationale Universitaire de Randonn\u00e9e en montagne, \u00e9dition (20).\">Annonce  Concernant La Manifestation Nationale Universitaire de Randonn\u00e9e en montagne, \u00e9dition (20).<\/a><\/div>                 \n        <div class=\"ue-meta-data\">\n            <div class=\"ue-grid-item-meta-data\"><span class=\"ue-grid-item-meta-data-icon\"><i class='fas fa-calendar-week'><\/i><\/span>  1 avril\u060c 2026<\/div>                                   \n            \n          \n                        \n            \n                        \n                        \n            \n              \n          <\/div>         \n                \n                    \n        \n                 \n      <\/div>\n    <\/div>\n     \n       \n  \n   <\/div>\n<div class=\"uc_post_list_box\">\n    \n  \t\t\n  \n    <div class=\"uc_post_list_content\">\n      <div class=\"uc_post_list_content_inside\">\n        \n                  <div class=\"ue_tags_terms\"><\/div>     \n        <div class=\"uc_post_list_title\"><a target=\"_self\" href=\"https:\/\/istm.univ-chlef.dz\/?p=2913\" title=\"Invitation pour la participation \u00e0 la journ\u00e9e de sensibilisation au r\u00f4le de la s\u00e9curit\u00e9 industrielle dans l&#039;am\u00e9lioration du climat des affaires.\">Invitation pour la participation \u00e0 la journ\u00e9e de sensibilisation au r\u00f4le de la s\u00e9curit\u00e9 industrielle dans l'am\u00e9lioration du climat des affaires.<\/a><\/div>                 \n        <div class=\"ue-meta-data\">\n            <div class=\"ue-grid-item-meta-data\"><span class=\"ue-grid-item-meta-data-icon\"><i class='fas fa-calendar-week'><\/i><\/span>  1 avril\u060c 2026<\/div>                                   \n            \n          \n                        \n            \n                        \n                        \n            \n              \n          <\/div>         \n                \n                    \n        \n                 \n      <\/div>\n    <\/div>\n     \n       \n  \n   <\/div>\n<div class=\"uc_post_list_box\">\n    \n  \t\t\n  \n    <div class=\"uc_post_list_content\">\n      <div class=\"uc_post_list_content_inside\">\n        \n                  <div class=\"ue_tags_terms\"><\/div>     \n        <div class=\"uc_post_list_title\"><a target=\"_self\" href=\"https:\/\/istm.univ-chlef.dz\/?p=2898\" title=\"Annonce  Concernant La Premi\u00e8re \u00e9dition du Concours universitaire africain du meilleur dramaturge.\">Annonce  Concernant La Premi\u00e8re \u00e9dition du Concours universitaire africain du meilleur dramaturge.<\/a><\/div>                 \n        <div class=\"ue-meta-data\">\n            <div class=\"ue-grid-item-meta-data\"><span class=\"ue-grid-item-meta-data-icon\"><i class='fas fa-calendar-week'><\/i><\/span>  1 avril\u060c 2026<\/div>                                   \n            \n          \n                        \n            \n                        \n                        \n            \n              \n          <\/div>         \n                \n                    \n        \n                 \n      <\/div>\n    <\/div>\n     \n       \n  \n   <\/div>\n<div class=\"uc_post_list_box\">\n    \n  \t\t\n  \n    <div class=\"uc_post_list_content\">\n      <div class=\"uc_post_list_content_inside\">\n        \n                  <div class=\"ue_tags_terms\"><\/div>     \n        <div class=\"uc_post_list_title\"><a target=\"_self\" href=\"https:\/\/istm.univ-chlef.dz\/?p=2886\" title=\"Annonce  Concernant Le Concours national pour l&#039;\u00e9tudiant innovant.\">Annonce  Concernant Le Concours national pour l'\u00e9tudiant innovant.<\/a><\/div>                 \n        <div class=\"ue-meta-data\">\n            <div class=\"ue-grid-item-meta-data\"><span class=\"ue-grid-item-meta-data-icon\"><i class='fas fa-calendar-week'><\/i><\/span>  1 avril\u060c 2026<\/div>                                   \n            \n          \n                        \n            \n                        \n                        \n            \n              \n          <\/div>         \n                \n                    \n        \n                 \n      <\/div>\n    <\/div>\n     \n       \n  \n   <\/div>\n<div class=\"uc_post_list_box\">\n    \n  \t\t\n  \n    <div class=\"uc_post_list_content\">\n      <div class=\"uc_post_list_content_inside\">\n        \n                  <div class=\"ue_tags_terms\"><\/div>     \n        <div class=\"uc_post_list_title\"><a target=\"_self\" href=\"https:\/\/istm.univ-chlef.dz\/?p=2878\" title=\"Annonce  Concernant Le Concours national universitaire des clubs scientifiques, sous le th\u00e8me &quot;Intelligence artificielle&quot;, ( \u00e9dition : alg\u00e9ro-tunisienne).\">Annonce  Concernant Le Concours national universitaire des clubs scientifiques, sous le th\u00e8me \"Intelligence artificielle\", ( \u00e9dition : alg\u00e9ro-tunisienne).<\/a><\/div>                 \n        <div class=\"ue-meta-data\">\n            <div class=\"ue-grid-item-meta-data\"><span class=\"ue-grid-item-meta-data-icon\"><i class='fas fa-calendar-week'><\/i><\/span>  1 avril\u060c 2026<\/div>                                   \n            \n          \n                        \n            \n                        \n                        \n            \n              \n          <\/div>         \n                \n                    \n        \n                 \n      <\/div>\n    <\/div>\n     \n       \n  \n   <\/div>\n<div class=\"uc_post_list_box\">\n    \n  \t\t\n  \n    <div class=\"uc_post_list_content\">\n      <div class=\"uc_post_list_content_inside\">\n        \n                  <div class=\"ue_tags_terms\"><\/div>     \n        <div class=\"uc_post_list_title\"><a target=\"_self\" href=\"https:\/\/istm.univ-chlef.dz\/?p=2861\" title=\"Annonce  Concernant l&#039;organisation de deux concours nationaux(&quot;Cinqui\u00e8me \u00e9dition du Concours national universitaire de dessins humoristiques, sur le th\u00e8me \u00ab Intelligence artificiel\u00bb&quot; et &quot;Premi\u00e8re \u00e9dition du Concours national universitaire de production audiovisuel \u00e9tudiante&quot;).\">Annonce  Concernant l'organisation de deux concours nationaux(\"Cinqui\u00e8me \u00e9dition du Concours national universitaire de dessins humoristiques, sur le th\u00e8me \u00ab Intelligence artificiel\u00bb\" et \"Premi\u00e8re \u00e9dition du Concours national universitaire de production audiovisuel \u00e9tudiante\").<\/a><\/div>                 \n        <div class=\"ue-meta-data\">\n            <div class=\"ue-grid-item-meta-data\"><span class=\"ue-grid-item-meta-data-icon\"><i class='fas fa-calendar-week'><\/i><\/span>  1 avril\u060c 2026<\/div>                                   \n            \n          \n                        \n            \n                        \n                        \n            \n              \n          <\/div>         \n                \n                    \n        \n                 \n      <\/div>\n    <\/div>\n     \n       \n  \n   <\/div>\n<div class=\"uc_post_list_box\">\n    \n  \t\t\n  \n    <div class=\"uc_post_list_content\">\n      <div class=\"uc_post_list_content_inside\">\n        \n                  <div class=\"ue_tags_terms\"><\/div>     \n        <div class=\"uc_post_list_title\"><a target=\"_self\" href=\"https:\/\/istm.univ-chlef.dz\/?p=2837\" title=\"Annonce  Concernant l&#039;organisation de quatre concours nationaux(&quot;8eme Championnat national universitaire de futsal&quot;, &quot;3eme Hackathon universitaire national pour la modernisation environnementale, sociale et \u00e9conomique 2026&quot;, &quot;Hackathon universitaire national pour la technologie et le d\u00e9veloppement durable&quot; et le &quot;1er Concours universitaire national\u00a0: boivateche innovation&quot;).\">Annonce  Concernant l'organisation de quatre concours nationaux(\"8eme Championnat national universitaire de futsal\", \"3eme Hackathon universitaire national pour la modernisation environnementale, sociale et \u00e9conomique 2026\", \"Hackathon universitaire national pour la technologie et le d\u00e9veloppement durable\" et le \"1er Concours universitaire national\u00a0: boivateche innovation\").<\/a><\/div>                 \n        <div class=\"ue-meta-data\">\n            <div class=\"ue-grid-item-meta-data\"><span class=\"ue-grid-item-meta-data-icon\"><i class='fas fa-calendar-week'><\/i><\/span>  31 mars\u060c 2026<\/div>                                   \n            \n          \n                        \n            \n                        \n                        \n            \n              \n          <\/div>         \n                \n                    \n        \n                 \n      <\/div>\n    <\/div>\n     \n       \n  \n   <\/div>\n\n<\/div>\n\n\n  <div id=\"uc_post_list_elementor_68fd864c_empty_message\" class=\"ue-no-posts-found\"  style=\"display:none\" >AUCUNE ACTIVITE EN COURS<\/div>\n\n\n<!-- end Post List -->\t\t\t\t<\/div>\n\t\t\t\t<\/div>\n\t\t\t\t<div class=\"elementor-element elementor-element-4bf41396 elementor-widget elementor-widget-ucaddon_archive_pagination\" data-id=\"4bf41396\" data-element_type=\"widget\" data-widget_type=\"ucaddon_archive_pagination.default\">\n\t\t\t\t<div class=\"elementor-widget-container\">\n\t\t\t\t\t\n<!-- start Post Pagination -->\n\n<style>\/* widget: Post Pagination *\/\n\n#uc_archive_pagination_elementor_4bf41396 nav\n{\n  padding:0px;\n  margin:0px;\n}\n\n#uc_archive_pagination_elementor_4bf41396 \n{\n  display:flex;\n  flex-wrap: wrap;\n  justify-content:center;\n}\n\n#uc_archive_pagination_elementor_4bf41396 .nav-links\n{\n  display:flex;\n  justify-content:center;\n}\n\n#uc_archive_pagination_elementor_4bf41396 .nav-links > *\n{\n}\n\n#uc_archive_pagination_elementor_4bf41396 .page-numbers\n{\n  display:flex;\n  \n  align-items:center;\n  justify-content:center;\n  transition:0.3s;\n  line-height:1em;\n}\n\n\n#uc_archive_pagination_elementor_4bf41396 a.page-numbers, #uc_archive_pagination_elementor_4bf41396 .dots\n{\n  color:#333333;\n  background-color:;\n}\n\n#uc_archive_pagination_elementor_4bf41396 a.page-numbers:hover\n{\n  color:#E4E4E4;\n  background-color:#007799;\n}\n\n#uc_archive_pagination_elementor_4bf41396 .page-numbers.current,\n#uc_archive_pagination_elementor_4bf41396 .page-numbers.current:hover\n{\n  background-color:#007799;\n  color:#ffffff;\n}\n\n\n#uc_archive_pagination_elementor_4bf41396 .page-numbers.prev, #uc_archive_pagination_elementor_4bf41396 .page-numbers.next\n{\n  padding-left:15px;\n  padding-right:15px;\n}\n\n\n\n#uc_archive_pagination_elementor_4bf41396 .prev:before {\n   font-family: \"Font Awesome 5 Free\";\n   content: \"\\f053\";\n   display: inline-block;\n   vertical-align: middle;\n   font-weight: 900;\n   padding-right:10px;}\n\n#uc_archive_pagination_elementor_4bf41396 .next:after {\n   font-family: \"Font Awesome 5 Free\";\n   content: \"\\f054\";\n   display: inline-block;\n   vertical-align: middle;\n   font-weight: 900;\n   padding-left:10px;}\n\n#uc_archive_pagination_elementor_4bf41396.uc-ajax-loading{\n\topacity:1 !important;\n}\n\n#uc_archive_pagination_elementor_4bf41396.uc-ajax-loading .current{\n\tposition:relative;\n    overflow:hidden;\n}\n\n\n#uc_archive_pagination_elementor_4bf41396.uc-ajax-loading .current:before{\n  content: \"\";\n  display:block;\n  width:100%;\n  height:100%;\n  box-sizing:border-box;\n  position:absolute;\n  top:0px;\n  left:0px;\n  background-color: #c2c2c2;\n  animation: uc-spinning-border 0.5s linear infinite;\n  opacity:50%;\n  border-radius:inherit;\n}\n\n@keyframes uc-spinning-border {\n\t0%{transform: scale(0);}\n\t100%{transform: scale(1); }\t\n}\n\n\n\n<\/style>\n\n<div id=\"uc_archive_pagination_elementor_4bf41396\" class=\"archive_pagination uc-filter-pagination\">\n<span aria-current=\"page\" class=\"page-numbers current\">1<\/span>\n<a class=\"page-numbers\" href=\"https:\/\/istm.univ-chlef.dz\/index.php\/?page=2&#038;rest_route=%2Fwp%2Fv2%2Fpages%2F352\" data-e-disable-page-transition=\"true\">2<\/a>\n<a class=\"page-numbers\" href=\"https:\/\/istm.univ-chlef.dz\/index.php\/?page=3&#038;rest_route=%2Fwp%2Fv2%2Fpages%2F352\" data-e-disable-page-transition=\"true\">3<\/a>\n<a class=\"page-numbers\" href=\"https:\/\/istm.univ-chlef.dz\/index.php\/?page=4&#038;rest_route=%2Fwp%2Fv2%2Fpages%2F352\" data-e-disable-page-transition=\"true\">4<\/a>\n<a class=\"page-numbers\" href=\"https:\/\/istm.univ-chlef.dz\/index.php\/?page=5&#038;rest_route=%2Fwp%2Fv2%2Fpages%2F352\" data-e-disable-page-transition=\"true\">5<\/a>\n<a class=\"page-numbers\" href=\"https:\/\/istm.univ-chlef.dz\/index.php\/?page=6&#038;rest_route=%2Fwp%2Fv2%2Fpages%2F352\" data-e-disable-page-transition=\"true\">6<\/a>\n<a class=\"page-numbers\" href=\"https:\/\/istm.univ-chlef.dz\/index.php\/?page=7&#038;rest_route=%2Fwp%2Fv2%2Fpages%2F352\" data-e-disable-page-transition=\"true\">7<\/a>\n<a class=\"page-numbers\" href=\"https:\/\/istm.univ-chlef.dz\/index.php\/?page=8&#038;rest_route=%2Fwp%2Fv2%2Fpages%2F352\" data-e-disable-page-transition=\"true\">8<\/a>\n<a class=\"page-numbers\" href=\"https:\/\/istm.univ-chlef.dz\/index.php\/?page=9&#038;rest_route=%2Fwp%2Fv2%2Fpages%2F352\" data-e-disable-page-transition=\"true\">9<\/a>\n<a class=\"page-numbers\" href=\"https:\/\/istm.univ-chlef.dz\/index.php\/?page=10&#038;rest_route=%2Fwp%2Fv2%2Fpages%2F352\" data-e-disable-page-transition=\"true\">10<\/a>\n<a class=\"page-numbers\" href=\"https:\/\/istm.univ-chlef.dz\/index.php\/?page=11&#038;rest_route=%2Fwp%2Fv2%2Fpages%2F352\" data-e-disable-page-transition=\"true\">11<\/a>\n<a class=\"next page-numbers\" href=\"https:\/\/istm.univ-chlef.dz\/index.php\/?page=2&#038;rest_route=%2Fwp%2Fv2%2Fpages%2F352\" data-e-disable-page-transition=\"true\">Next<\/a>\n<\/div>\n<!-- end Post Pagination -->\t\t\t\t<\/div>\n\t\t\t\t<\/div>\n\t\t\t\t<\/div>\n\t\t\t\t\t<\/div>\n\t\t\t\t<\/div>\n\t\t<div class=\"elementor-element elementor-element-134efe0 e-flex e-con-boxed e-con e-parent\" data-id=\"134efe0\" data-element_type=\"container\">\n\t\t\t\t\t<div class=\"e-con-inner\">\n\t\t\t\t\t<\/div>\n\t\t\t\t<\/div>\n\t\t\t\t<\/div>\n\t\t","protected":false},"excerpt":{"rendered":"<p>ANNONCES MARCHES PUBLICS BOURSE UNIVERSITAIRE ACTIVITES ETUDIANTINES EVENEMENTS AUCUNE ACTIVITE EN COURS Pr\u00e9c\u00e9dent 1 2 3 4 5 Suivant<\/p>\n","protected":false},"author":4,"featured_media":0,"parent":0,"menu_order":0,"comment_status":"closed","ping_status":"closed","template":"elementor_header_footer","meta":{"footnotes":""},"class_list":["post-352","page","type-page","status-publish","hentry","entry"],"_links":{"self":[{"href":"https:\/\/istm.univ-chlef.dz\/index.php?rest_route=\/wp\/v2\/pages\/352","targetHints":{"allow":["GET"]}}],"collection":[{"href":"https:\/\/istm.univ-chlef.dz\/index.php?rest_route=\/wp\/v2\/pages"}],"about":[{"href":"https:\/\/istm.univ-chlef.dz\/index.php?rest_route=\/wp\/v2\/types\/page"}],"author":[{"embeddable":true,"href":"https:\/\/istm.univ-chlef.dz\/index.php?rest_route=\/wp\/v2\/users\/4"}],"replies":[{"embeddable":true,"href":"https:\/\/istm.univ-chlef.dz\/index.php?rest_route=%2Fwp%2Fv2%2Fcomments&post=352"}],"version-history":[{"count":4,"href":"https:\/\/istm.univ-chlef.dz\/index.php?rest_route=\/wp\/v2\/pages\/352\/revisions"}],"predecessor-version":[{"id":356,"href":"https:\/\/istm.univ-chlef.dz\/index.php?rest_route=\/wp\/v2\/pages\/352\/revisions\/356"}],"wp:attachment":[{"href":"https:\/\/istm.univ-chlef.dz\/index.php?rest_route=%2Fwp%2Fv2%2Fmedia&parent=352"}],"curies":[{"name":"wp","href":"https:\/\/api.w.org\/{rel}","templated":true}]}}