{"id":216,"date":"2023-12-05T12:33:25","date_gmt":"2023-12-05T09:33:25","guid":{"rendered":"https:\/\/www.univ-chlef.dz\/istm\/?page_id=216"},"modified":"2026-04-02T11:18:18","modified_gmt":"2026-04-02T10:18:18","slug":"administration","status":"publish","type":"page","link":"https:\/\/istm.univ-chlef.dz\/?page_id=216","title":{"rendered":"ADMINISTRATION"},"content":{"rendered":"\t\t<div data-elementor-type=\"wp-page\" data-elementor-id=\"216\" class=\"elementor elementor-216\">\n\t\t\t\t<div class=\"elementor-element elementor-element-1a2d50c e-flex e-con-boxed e-con e-parent\" data-id=\"1a2d50c\" data-element_type=\"container\">\n\t\t\t\t\t<div class=\"e-con-inner\">\n\t\t<div class=\"elementor-element elementor-element-962872d e-flex e-con-boxed e-con e-child\" data-id=\"962872d\" data-element_type=\"container\">\n\t\t\t\t\t<div class=\"e-con-inner\">\n\t\t\t\t<div class=\"elementor-element elementor-element-8ed5d0b elementor-widget elementor-widget-heading\" data-id=\"8ed5d0b\" data-element_type=\"widget\" data-widget_type=\"heading.default\">\n\t\t\t\t<div class=\"elementor-widget-container\">\n\t\t\t\t\t<h2 class=\"elementor-heading-title elementor-size-default\">Sous-directeur charg\u00e9 de l'administration et des finances<\/h2>\t\t\t\t<\/div>\n\t\t\t\t<\/div>\n\t\t\t\t<div class=\"elementor-element elementor-element-9afd0a6 elementor-widget elementor-widget-text-editor\" data-id=\"9afd0a6\" data-element_type=\"widget\" data-widget_type=\"text-editor.default\">\n\t\t\t\t<div class=\"elementor-widget-container\">\n\t\t\t\t\t\t\t\t\t<h3>M. BENTAIFFOUR DJALAL<\/h3><p>Bureau N\u00b0124<\/p><p>T\u00e9l\u00e9phone :<\/p><p>Email :<\/p>\t\t\t\t\t\t\t\t<\/div>\n\t\t\t\t<\/div>\n\t\t\t\t\t<\/div>\n\t\t\t\t<\/div>\n\t\t\t\t\t<\/div>\n\t\t\t\t<\/div>\n\t\t<div class=\"elementor-element elementor-element-fc22eaa e-flex e-con-boxed e-con e-parent\" data-id=\"fc22eaa\" data-element_type=\"container\" data-settings=\"{&quot;background_background&quot;:&quot;classic&quot;}\">\n\t\t\t\t\t<div class=\"e-con-inner\">\n\t\t<div class=\"elementor-element elementor-element-a1fc363 e-con-full e-flex e-con e-child\" data-id=\"a1fc363\" data-element_type=\"container\" data-settings=\"{&quot;background_background&quot;:&quot;classic&quot;}\">\n\t\t\t\t<div class=\"elementor-element elementor-element-2819242 elementor-widget elementor-widget-heading\" data-id=\"2819242\" data-element_type=\"widget\" data-widget_type=\"heading.default\">\n\t\t\t\t<div class=\"elementor-widget-container\">\n\t\t\t\t\t<h2 class=\"elementor-heading-title elementor-size-default\">Service du personnel enseignant<\/h2>\t\t\t\t<\/div>\n\t\t\t\t<\/div>\n\t\t\t\t<div class=\"elementor-element elementor-element-2a4b60c elementor-widget elementor-widget-text-editor\" data-id=\"2a4b60c\" data-element_type=\"widget\" data-widget_type=\"text-editor.default\">\n\t\t\t\t<div class=\"elementor-widget-container\">\n\t\t\t\t\t\t\t\t\t<p>Mme MESSAR AICHA <br \/>Bureau N\u00b0119<\/p><p>T\u00e9l\u00e9phone :\u00a0<\/p><p>Email :<\/p>\t\t\t\t\t\t\t\t<\/div>\n\t\t\t\t<\/div>\n\t\t\t\t<\/div>\n\t\t<div class=\"elementor-element elementor-element-7ff8ba4 e-con-full e-flex e-con e-child\" data-id=\"7ff8ba4\" data-element_type=\"container\" data-settings=\"{&quot;background_background&quot;:&quot;classic&quot;}\">\n\t\t\t\t<div class=\"elementor-element elementor-element-c2588a4 elementor-widget elementor-widget-heading\" data-id=\"c2588a4\" data-element_type=\"widget\" data-widget_type=\"heading.default\">\n\t\t\t\t<div class=\"elementor-widget-container\">\n\t\t\t\t\t<h2 class=\"elementor-heading-title elementor-size-default\">Service du personnel administratif<\/h2>\t\t\t\t<\/div>\n\t\t\t\t<\/div>\n\t\t\t\t<div class=\"elementor-element elementor-element-62e77b9 elementor-widget elementor-widget-text-editor\" data-id=\"62e77b9\" data-element_type=\"widget\" data-widget_type=\"text-editor.default\">\n\t\t\t\t<div class=\"elementor-widget-container\">\n\t\t\t\t\t\t\t\t\t<p>Mme ELDJIRA RABEA <br \/>Bureau N\u00b0118<\/p><p>T\u00e9l\u00e9phone :\u00a0<\/p><p>Email :<\/p>\t\t\t\t\t\t\t\t<\/div>\n\t\t\t\t<\/div>\n\t\t\t\t<\/div>\n\t\t\t\t\t<\/div>\n\t\t\t\t<\/div>\n\t\t<div class=\"elementor-element elementor-element-090ebf3 e-flex e-con-boxed e-con e-parent\" data-id=\"090ebf3\" data-element_type=\"container\" data-settings=\"{&quot;background_background&quot;:&quot;classic&quot;}\">\n\t\t\t\t\t<div class=\"e-con-inner\">\n\t\t<div class=\"elementor-element elementor-element-433ec6f e-con-full e-flex e-con e-child\" data-id=\"433ec6f\" data-element_type=\"container\" data-settings=\"{&quot;background_background&quot;:&quot;classic&quot;}\">\n\t\t\t\t<div class=\"elementor-element elementor-element-ecd3d54 elementor-widget elementor-widget-heading\" data-id=\"ecd3d54\" data-element_type=\"widget\" data-widget_type=\"heading.default\">\n\t\t\t\t<div class=\"elementor-widget-container\">\n\t\t\t\t\t<h2 class=\"elementor-heading-title elementor-size-default\">Service du budget<\/h2>\t\t\t\t<\/div>\n\t\t\t\t<\/div>\n\t\t\t\t<div class=\"elementor-element elementor-element-8c08284 elementor-widget elementor-widget-text-editor\" data-id=\"8c08284\" data-element_type=\"widget\" data-widget_type=\"text-editor.default\">\n\t\t\t\t<div class=\"elementor-widget-container\">\n\t\t\t\t\t\t\t\t\t<p>Mme MAKAOUCHA AMINA<br \/>Bureau N\u00b0109<br \/>T\u00e9l\u00e9phone :<br \/>Email :<\/p>\t\t\t\t\t\t\t\t<\/div>\n\t\t\t\t<\/div>\n\t\t\t\t<\/div>\n\t\t<div class=\"elementor-element elementor-element-0198fcc e-con-full e-flex e-con e-child\" data-id=\"0198fcc\" data-element_type=\"container\" data-settings=\"{&quot;background_background&quot;:&quot;classic&quot;}\">\n\t\t\t\t<div class=\"elementor-element elementor-element-1618c33 elementor-widget elementor-widget-heading\" data-id=\"1618c33\" data-element_type=\"widget\" data-widget_type=\"heading.default\">\n\t\t\t\t<div class=\"elementor-widget-container\">\n\t\t\t\t\t<h2 class=\"elementor-heading-title elementor-size-default\">Service des moyens g\u00e9n\u00e9raux<\/h2>\t\t\t\t<\/div>\n\t\t\t\t<\/div>\n\t\t\t\t<div class=\"elementor-element elementor-element-43a740a elementor-widget elementor-widget-text-editor\" data-id=\"43a740a\" data-element_type=\"widget\" data-widget_type=\"text-editor.default\">\n\t\t\t\t<div class=\"elementor-widget-container\">\n\t\t\t\t\t\t\t\t\t<p>M. AMZERT HAFIDH<br \/>Bureau N\u00b0111<\/p><p>T\u00e9l\u00e9phone :\u00a0<\/p><p>Email :<\/p>\t\t\t\t\t\t\t\t<\/div>\n\t\t\t\t<\/div>\n\t\t\t\t<\/div>\n\t\t\t\t\t<\/div>\n\t\t\t\t<\/div>\n\t\t<div class=\"elementor-element elementor-element-b420c0d e-flex e-con-boxed e-con e-parent\" data-id=\"b420c0d\" data-element_type=\"container\">\n\t\t\t\t\t<div class=\"e-con-inner\">\n\t\t<div class=\"elementor-element elementor-element-cc593a7 e-con-full e-flex e-con e-child\" data-id=\"cc593a7\" data-element_type=\"container\" data-settings=\"{&quot;background_background&quot;:&quot;classic&quot;}\">\n\t\t\t\t<div class=\"elementor-element elementor-element-fe0ee30 elementor-widget elementor-widget-heading\" data-id=\"fe0ee30\" data-element_type=\"widget\" data-widget_type=\"heading.default\">\n\t\t\t\t<div class=\"elementor-widget-container\">\n\t\t\t\t\t<h2 class=\"elementor-heading-title elementor-size-default\">Service scolarit\u00e9<\/h2>\t\t\t\t<\/div>\n\t\t\t\t<\/div>\n\t\t\t\t<div class=\"elementor-element elementor-element-04b9426 elementor-widget elementor-widget-text-editor\" data-id=\"04b9426\" data-element_type=\"widget\" data-widget_type=\"text-editor.default\">\n\t\t\t\t<div class=\"elementor-widget-container\">\n\t\t\t\t\t\t\t\t\t<p>Mme DAMOU HOUARIA <br \/>Bureau N\u00b0100<\/p><p>T\u00e9l\u00e9phone :\u00a0<\/p><p>Email :<\/p>\t\t\t\t\t\t\t\t<\/div>\n\t\t\t\t<\/div>\n\t\t\t\t<\/div>\n\t\t<div class=\"elementor-element elementor-element-6f011d2 e-con-full e-flex e-con e-child\" data-id=\"6f011d2\" data-element_type=\"container\" data-settings=\"{&quot;background_background&quot;:&quot;classic&quot;}\">\n\t\t\t\t<div class=\"elementor-element elementor-element-5debea6 elementor-widget elementor-widget-heading\" data-id=\"5debea6\" data-element_type=\"widget\" data-widget_type=\"heading.default\">\n\t\t\t\t<div class=\"elementor-widget-container\">\n\t\t\t\t\t<h2 class=\"elementor-heading-title elementor-size-default\">Service des activit\u00e9s  scientifiques, culturel et sportives<\/h2>\t\t\t\t<\/div>\n\t\t\t\t<\/div>\n\t\t\t\t<div class=\"elementor-element elementor-element-c0905be elementor-widget elementor-widget-text-editor\" data-id=\"c0905be\" data-element_type=\"widget\" data-widget_type=\"text-editor.default\">\n\t\t\t\t<div class=\"elementor-widget-container\">\n\t\t\t\t\t\t\t\t\t<p>Mme SANADIK DJAMILA <br \/>Bureau N\u00b0117<\/p><p>T\u00e9l\u00e9phone :\u00a0<\/p><p>Email :<\/p>\t\t\t\t\t\t\t\t<\/div>\n\t\t\t\t<\/div>\n\t\t\t\t<\/div>\n\t\t\t\t\t<\/div>\n\t\t\t\t<\/div>\n\t\t<div class=\"elementor-element elementor-element-6f43b05 e-flex e-con-boxed e-con e-parent\" data-id=\"6f43b05\" data-element_type=\"container\">\n\t\t\t\t\t<div class=\"e-con-inner\">\n\t\t<div class=\"elementor-element elementor-element-fe23e62 e-con-full e-flex e-con e-child\" data-id=\"fe23e62\" data-element_type=\"container\" data-settings=\"{&quot;background_background&quot;:&quot;classic&quot;}\">\n\t\t\t\t<div class=\"elementor-element elementor-element-da8cb49 elementor-widget elementor-widget-heading\" data-id=\"da8cb49\" data-element_type=\"widget\" data-widget_type=\"heading.default\">\n\t\t\t\t<div class=\"elementor-widget-container\">\n\t\t\t\t\t<h2 class=\"elementor-heading-title elementor-size-default\">Service de s\u00e9curit\u00e9<\/h2>\t\t\t\t<\/div>\n\t\t\t\t<\/div>\n\t\t\t\t<div class=\"elementor-element elementor-element-48d828d elementor-widget elementor-widget-text-editor\" data-id=\"48d828d\" data-element_type=\"widget\" data-widget_type=\"text-editor.default\">\n\t\t\t\t<div class=\"elementor-widget-container\">\n\t\t\t\t\t\t\t\t\t<p>M. BELASSAL ABDELKADER<\/p><p>T\u00e9l\u00e9phone :\u00a0<\/p><p>Email :<\/p>\t\t\t\t\t\t\t\t<\/div>\n\t\t\t\t<\/div>\n\t\t\t\t<\/div>\n\t\t\t\t\t<\/div>\n\t\t\t\t<\/div>\n\t\t\t\t<\/div>\n\t\t","protected":false},"excerpt":{"rendered":"<p>Sous-directeur charg\u00e9 de l&rsquo;administration et des finances M. BENTAIFFOUR DJALAL Bureau N\u00b0124 T\u00e9l\u00e9phone : Email : Service du personnel enseignant Mme MESSAR AICHA Bureau N\u00b0119 T\u00e9l\u00e9phone :\u00a0 Email : Service du personnel administratif Mme ELDJIRA RABEA Bureau N\u00b0118 T\u00e9l\u00e9phone :\u00a0 Email : Service du budget Mme MAKAOUCHA AMINABureau N\u00b0109T\u00e9l\u00e9phone :Email : Service des moyens g\u00e9n\u00e9raux&hellip; <a class=\"more-link\" href=\"https:\/\/istm.univ-chlef.dz\/?page_id=216\">Poursuivre la lecture <span class=\"screen-reader-text\">ADMINISTRATION<\/span><\/a><\/p>\n","protected":false},"author":4,"featured_media":0,"parent":214,"menu_order":0,"comment_status":"closed","ping_status":"closed","template":"elementor_header_footer","meta":{"footnotes":""},"class_list":["post-216","page","type-page","status-publish","hentry","entry"],"_links":{"self":[{"href":"https:\/\/istm.univ-chlef.dz\/index.php?rest_route=\/wp\/v2\/pages\/216","targetHints":{"allow":["GET"]}}],"collection":[{"href":"https:\/\/istm.univ-chlef.dz\/index.php?rest_route=\/wp\/v2\/pages"}],"about":[{"href":"https:\/\/istm.univ-chlef.dz\/index.php?rest_route=\/wp\/v2\/types\/page"}],"author":[{"embeddable":true,"href":"https:\/\/istm.univ-chlef.dz\/index.php?rest_route=\/wp\/v2\/users\/4"}],"replies":[{"embeddable":true,"href":"https:\/\/istm.univ-chlef.dz\/index.php?rest_route=%2Fwp%2Fv2%2Fcomments&post=216"}],"version-history":[{"count":46,"href":"https:\/\/istm.univ-chlef.dz\/index.php?rest_route=\/wp\/v2\/pages\/216\/revisions"}],"predecessor-version":[{"id":2966,"href":"https:\/\/istm.univ-chlef.dz\/index.php?rest_route=\/wp\/v2\/pages\/216\/revisions\/2966"}],"up":[{"embeddable":true,"href":"https:\/\/istm.univ-chlef.dz\/index.php?rest_route=\/wp\/v2\/pages\/214"}],"wp:attachment":[{"href":"https:\/\/istm.univ-chlef.dz\/index.php?rest_route=%2Fwp%2Fv2%2Fmedia&parent=216"}],"curies":[{"name":"wp","href":"https:\/\/api.w.org\/{rel}","templated":true}]}}