{"id":194,"date":"2023-12-03T13:28:09","date_gmt":"2023-12-03T10:28:09","guid":{"rendered":"https:\/\/www.univ-chlef.dz\/istm\/?page_id=194"},"modified":"2024-01-17T14:29:52","modified_gmt":"2024-01-17T13:29:52","slug":"reglementations","status":"publish","type":"page","link":"https:\/\/istm.univ-chlef.dz\/?page_id=194","title":{"rendered":"REGLEMENTATIONS"},"content":{"rendered":"\t\t<div data-elementor-type=\"wp-page\" data-elementor-id=\"194\" class=\"elementor elementor-194\">\n\t\t\t\t<div class=\"elementor-element elementor-element-2b83eaad e-flex e-con-boxed e-con e-parent\" data-id=\"2b83eaad\" data-element_type=\"container\">\n\t\t\t\t\t<div class=\"e-con-inner\">\n\t\t<div class=\"elementor-element elementor-element-72ab8ab e-con-full e-flex e-con e-child\" data-id=\"72ab8ab\" data-element_type=\"container\" data-settings=\"{&quot;background_background&quot;:&quot;classic&quot;}\">\n\t\t\t\t<div class=\"elementor-element elementor-element-6e4aa097 elementor-widget elementor-widget-ucaddon_simple_list_menu\" data-id=\"6e4aa097\" data-element_type=\"widget\" data-widget_type=\"ucaddon_simple_list_menu.default\">\n\t\t\t\t<div class=\"elementor-widget-container\">\n\t\t\t\t\t\n<!-- start List Menu -->\n\t\t<link id='font-awesome-css' href='https:\/\/istm.univ-chlef.dz\/wp-content\/plugins\/unlimited-elements-for-elementor\/assets_libraries\/font-awesome6\/fontawesome-all.min.css' type='text\/css' rel='stylesheet' >\n\t\t<link id='font-awesome-4-shim-css' href='https:\/\/istm.univ-chlef.dz\/wp-content\/plugins\/unlimited-elements-for-elementor\/assets_libraries\/font-awesome6\/fontawesome-v4-shims.min.css' type='text\/css' rel='stylesheet' >\n\n<style>\/* widget: List Menu *\/\n\n#uc_simple_list_menu_elementor_6e4aa097\n{\n  text-align:left;\n}\n#uc_simple_list_menu_elementor_6e4aa097 ul\n{\n  padding:0;\n  list-style:none;\n  margin:0;\n}\n\n#uc_simple_list_menu_elementor_6e4aa097 ul li\n{\n  padding:0;\n  list-style:none;\n  margin:0;\n}\n\n#uc_simple_list_menu_elementor_6e4aa097 ul li.current_page_item\n{\n  background-color:;\n}\n\n#uc_simple_list_menu_elementor_6e4aa097 ul ul li.current_page_item\n{\n  background-color:#f2f2f2;\n}\n\n#uc_simple_list_menu_elementor_6e4aa097 ul ul ul li.current_page_item\n{\n  background-color:#e6e6e6;\n}\n\n#uc_simple_list_menu_elementor_6e4aa097 ul li:last-child\n{\n  border-bottom:none;\n}\n\n#uc_simple_list_menu_elementor_6e4aa097 ul li a\n{\n  text-decoration:none;\n  display:block;\n}\n\n\n\n<\/style>\n\n<div id=\"uc_simple_list_menu_elementor_6e4aa097\" class=\"simple_list_menu\">\n<div class=\"ue_simple_list_menu_title\"><\/div><ul id=\"menu-marche-public\" class=\"uc-list-menu\"><li id=\"menu-item-200\" class=\"menu-item menu-item-type-post_type menu-item-object-page menu-item-200\"><a href=\"https:\/\/istm.univ-chlef.dz\/?page_id=194\">REGLEMENTATIONS<\/a><\/li>\n<li id=\"menu-item-769\" class=\"menu-item menu-item-type-post_type menu-item-object-page menu-item-769\"><a href=\"https:\/\/istm.univ-chlef.dz\/?page_id=661\">AVIS DE CONSULTATION SELON LA PROCEDURE ADAPTEE<\/a><\/li>\n<li id=\"menu-item-822\" class=\"menu-item menu-item-type-post_type menu-item-object-page menu-item-822\"><a href=\"https:\/\/istm.univ-chlef.dz\/?page_id=798\">AVIS DE CONSULTATION<\/a><\/li>\n<li id=\"menu-item-821\" class=\"menu-item menu-item-type-post_type menu-item-object-page menu-item-821\"><a href=\"https:\/\/istm.univ-chlef.dz\/?page_id=803\">AVIS D\u2019ATTRIBUTION<\/a><\/li>\n<li id=\"menu-item-820\" class=\"menu-item menu-item-type-post_type menu-item-object-page menu-item-820\"><a href=\"https:\/\/istm.univ-chlef.dz\/?page_id=808\">AVIS D\u2019INFRUCTUOSITE<\/a><\/li>\n<li id=\"menu-item-768\" class=\"menu-item menu-item-type-post_type menu-item-object-page menu-item-768\"><a href=\"https:\/\/istm.univ-chlef.dz\/?page_id=683\">AVIS D\u2019ANNULATION<\/a><\/li>\n<\/ul>\n<\/div>\n<!-- end List Menu -->\t\t\t\t<\/div>\n\t\t\t\t<\/div>\n\t\t\t\t<\/div>\n\t\t<div class=\"elementor-element elementor-element-fbb62f4 e-con-full e-flex e-con e-child\" data-id=\"fbb62f4\" data-element_type=\"container\">\n\t\t\t\t<div class=\"elementor-element elementor-element-ec3b1c8 elementor-widget elementor-widget-text-editor\" data-id=\"ec3b1c8\" data-element_type=\"widget\" data-widget_type=\"text-editor.default\">\n\t\t\t\t<div class=\"elementor-widget-container\">\n\t\t\t\t\t\t\t\t\t<p align=\"justify\"><strong>Textes de base<\/strong><\/p><p align=\"justify\">Consulter le\u00a0<a href=\"http:\/\/www.mincommerce.gov.dz\/fichiers16\/textreglement\/fmpublic.pdf\">code des march\u00e9s public<\/a>\u00a0(Source\u00a0<a href=\"http:\/\/www.joradp.dz\/HFR\/Index.htm\" target=\"_blank\" rel=\"noopener noreferrer\">www.joradp.dz\/HFR\/Index.htm<\/a>).<\/p><p align=\"justify\">\u2013\u00a0<a href=\"http:\/\/www.mincommerce.gov.dz\/fichiers15\/textereglem\/dec15247fr.pdf\">D\u00e9cret pr\u00e9sidentiel n\u00b0 15-247\u00a0<\/a>du 16 septembre 2015 portant r\u00e9glementation des march\u00e9s publics et des d\u00e9l\u00e9gations de service public\u00a0(<em>JO n\u00b0 50 du 20 Septembre\u00a02016<\/em>).<\/p><p align=\"justify\">Les nouveaux mod\u00e8les de documents pr\u00e9vus au titre\u00a0\u00a0du d\u00e9cret pr\u00e9sidentiel n\u00b0 15-247 \u00a0portant r\u00e9glementation des march\u00e9s publics et des d\u00e9l\u00e9gations de service public\u00a0<a href=\"http:\/\/www.mincommerce.gov.dz\/fichiers16\/textreglement\/arrtdecla191216fr.pdf\">(Arr\u00eat\u00e9 du 19 d\u00e9cembre 2015<\/a>\u00a0du\u00a0<em>JO n\u00b0 17 du 16 Mars 2016<\/em>).<\/p><ul><li><p align=\"justify\"><a href=\"http:\/\/www.mincommerce.gov.dz\/fichiers16\/textreglement\/arrtdecla191216fr.pdf\">Mod\u00e8le de la d\u00e9claration de probit\u00e9<\/a>\u00a0<em>(page 14 du JO n\u00b0 17 du 16 Mars 2016).<\/em><\/p><\/li><li><p align=\"justify\"><a href=\"http:\/\/www.mincommerce.gov.dz\/fichiers16\/textreglement\/arrtdecla191216fr.pdf\">Mod\u00e8le de la d\u00e9claration de candidature<\/a>\u00a0<em>(page 16\u00a0 du JO n\u00b0 17 du 16 Mars 2016).<\/em><\/p><\/li><li><p align=\"justify\"><a href=\"http:\/\/www.mincommerce.gov.dz\/fichiers16\/textreglement\/arrtdecla191216fr.pdf\">Mod\u00e8le de la d\u00e9claration a souscrire<\/a>\u00a0<em>(page 20 du JO n\u00b0 17 du 16 Mars 2016).<\/em><\/p><\/li><li><p align=\"justify\"><a href=\"http:\/\/www.mincommerce.gov.dz\/fichiers16\/textreglement\/arrtdecla191216fr.pdf\">Mod\u00e8le de la lettre de soumission<\/a>\u00a0<em>(page 23 du JO n\u00b0 17 du 16 Mars 2016).<\/em><\/p><\/li><li><p align=\"justify\"><a href=\"http:\/\/www.mincommerce.gov.dz\/fichiers16\/textreglement\/arrtdecla191216fr.pdf\">Mod\u00e8le de la d\u00e9claration du sous-traitant<\/a>\u00a0<em>(page 26 du JO n\u00b0 17 du 16 Mars 2016).<\/em><\/p><\/li><li><p align=\"justify\"><a href=\"http:\/\/www.mincommerce.gov.dz\/fichiers16\/textreglement\/arrtinscri191215fr.pdf\">Arr\u00eat\u00e9 du 19 d\u00e9cembre 2015<\/a>\u00a0fixant les modalit\u00e9s d\u2019inscription et de retrait de la liste des op\u00e9rateurs \u00e9conomiques interdits de participer aux march\u00e9s publics.\u00a0<em>(JO n\u00b0 17 du 16 Mars 2016).<\/em><\/p><\/li><li><p align=\"justify\"><a href=\"http:\/\/www.mincommerce.gov.dz\/fichiers16\/textreglement\/arrtmoda191215fr.pdf\">Arr\u00eat\u00e9 du 19 d\u00e9cembre 2015<\/a>\u00a0fixant les modalit\u00e9s d\u2019exclusion de la participation aux march\u00e9s publics.\u00a0<em>(JO n\u00b0 17 du 16 Mars 2016).<\/em><\/p><\/li><li><p align=\"justify\"><a href=\"http:\/\/www.mincommerce.gov.dz\/fichiers13\/textreg\/dec1303fr.pdf\">D\u00e9cret pr\u00e9sidentiel n\u00b0 13-03<\/a>\u00a0du 13 janvier 2013 modifiant et compl\u00e9tant le d\u00e9cret pr\u00e9sidentiel n\u00b0 10-236 du 07 octobre 2010 portant r\u00e9glementation des march\u00e9s publics.\u00a0(<em>JO\u00a0n\u00b0 02 du 13\/01\/2013<\/em>).<\/p><\/li><li><p align=\"justify\"><a href=\"http:\/\/www.mincommerce.gov.dz\/fichiers12\/dec1223fr.pdf\">D\u00e9cret pr\u00e9sidentiel n\u00b0 12-23<\/a>\u00a0du 18 Janvier 2012 modifiant et compl\u00e9tant le d\u00e9cret pr\u00e9sidentiel n\u00b010-236 du 07 Octobre 2010 portant r\u00e9glementation des march\u00e9s publics. (<em>JO\u00a0n\u00b0 04 du 26\/01\/2012<\/em>).<\/p><\/li><li><p align=\"justify\"><a href=\"http:\/\/www.mincommerce.gov.dz\/fichiers10\/dec10236fr.pdf\">D\u00e9cret pr\u00e9sidentiel n\u00b0 10-236<\/a>\u00a0du 7 octobre 2010 portant r\u00e9glementation des march\u00e9s publics.(<em>JO n\u00b058 du 07\/10\/2010<\/em>)\u00a0 dec11-222fr.pdf).<\/p><\/li><li><p align=\"justify\"><a href=\"http:\/\/www.mincommerce.gov.dz\/fichier11\/dec1198fr.pdf\">D\u00e9cret pr\u00e9sidentiel n\u00b0 11-98<\/a>\u00a0du 1<sup>er<\/sup>\u00a0Mars 2011 modifiant le\u00a0<a href=\"http:\/\/www.mincommerce.gov.dz\/fichiers10\/dec10236fr.pdf\">d\u00e9cret pr\u00e9sidentiel n\u00b0 10-236<\/a>\u00a0portant r\u00e9glementation des march\u00e9s public.\u00a0(<em>JO\u00a0n\u00b0 14 du 06\/03\/2011<\/em>).<\/p><\/li><li><p align=\"justify\"><a href=\"http:\/\/www.mincommerce.gov.dz\/fichier11\/dec11-222fr.pdf\">D\u00e9cret pr\u00e9sidentiel n\u00b0 11-222<\/a>\u00a0du 16 juin 2011 modifiant le d\u00e9cret pr\u00e9sidentiel n\u00b0 10-236\u00a0 portant r\u00e9glementation des march\u00e9s publics.\u00a0(<em>JO n\u00b0 34 du 19\/06\/2011<\/em>).<\/p><\/li><li><p align=\"justify\"><a href=\"http:\/\/www.mincommerce.gov.dz\/fichiers14\/textreg\/dec14139fr.pdf\">D\u00e9cret ex\u00e9cutif n\u00b0 14-139<\/a>\u00a0du 20 avril 2014 portant obligation pour les entreprises, groupes d\u2019entreprises et groupements d\u2019entreprises intervenant dans le cadre de la r\u00e9alisation des march\u00e9s publics de certains secteurs d\u2019activit\u00e9s d\u2019\u00eatre titulaires du certificat de qualification et de classification professionnelles.\u00a0<em>(JO\u00a0n\u00b0 26 du 07 Mai 2014).<\/em><\/p><\/li><li><p align=\"justify\"><a href=\"http:\/\/www.joradp.dz\/JO2000\/2009\/067\/F_Pag.htm\">D\u00e9cret ex\u00e9cutif n\u00b0 09-374\u00a0<\/a>du 16 novembre 2009 modifiant et compl\u00e9tant le d\u00e9cret ex\u00e9cutif n\u00b0 92-414 du 14 novembre 1992 relatif au contr\u00f4le pr\u00e9alable des d\u00e9penses engag\u00e9es.<\/p><\/li><\/ul>\t\t\t\t\t\t\t\t<\/div>\n\t\t\t\t<\/div>\n\t\t\t\t<\/div>\n\t\t\t\t\t<\/div>\n\t\t\t\t<\/div>\n\t\t\t\t<\/div>\n\t\t","protected":false},"excerpt":{"rendered":"<p>REGLEMENTATIONS AVIS DE CONSULTATION SELON LA PROCEDURE ADAPTEE AVIS DE CONSULTATION AVIS D\u2019ATTRIBUTION AVIS D\u2019INFRUCTUOSITE AVIS D\u2019ANNULATION Textes de base Consulter le\u00a0code des march\u00e9s public\u00a0(Source\u00a0www.joradp.dz\/HFR\/Index.htm). \u2013\u00a0D\u00e9cret pr\u00e9sidentiel n\u00b0 15-247\u00a0du 16 septembre 2015 portant r\u00e9glementation des march\u00e9s publics et des d\u00e9l\u00e9gations de service public\u00a0(JO n\u00b0 50 du 20 Septembre\u00a02016). Les nouveaux mod\u00e8les de documents pr\u00e9vus au&hellip; <a class=\"more-link\" href=\"https:\/\/istm.univ-chlef.dz\/?page_id=194\">Poursuivre la lecture <span class=\"screen-reader-text\">REGLEMENTATIONS<\/span><\/a><\/p>\n","protected":false},"author":4,"featured_media":0,"parent":0,"menu_order":0,"comment_status":"closed","ping_status":"closed","template":"elementor_header_footer","meta":{"footnotes":""},"class_list":["post-194","page","type-page","status-publish","hentry","entry"],"_links":{"self":[{"href":"https:\/\/istm.univ-chlef.dz\/index.php?rest_route=\/wp\/v2\/pages\/194","targetHints":{"allow":["GET"]}}],"collection":[{"href":"https:\/\/istm.univ-chlef.dz\/index.php?rest_route=\/wp\/v2\/pages"}],"about":[{"href":"https:\/\/istm.univ-chlef.dz\/index.php?rest_route=\/wp\/v2\/types\/page"}],"author":[{"embeddable":true,"href":"https:\/\/istm.univ-chlef.dz\/index.php?rest_route=\/wp\/v2\/users\/4"}],"replies":[{"embeddable":true,"href":"https:\/\/istm.univ-chlef.dz\/index.php?rest_route=%2Fwp%2Fv2%2Fcomments&post=194"}],"version-history":[{"count":13,"href":"https:\/\/istm.univ-chlef.dz\/index.php?rest_route=\/wp\/v2\/pages\/194\/revisions"}],"predecessor-version":[{"id":797,"href":"https:\/\/istm.univ-chlef.dz\/index.php?rest_route=\/wp\/v2\/pages\/194\/revisions\/797"}],"wp:attachment":[{"href":"https:\/\/istm.univ-chlef.dz\/index.php?rest_route=%2Fwp%2Fv2%2Fmedia&parent=194"}],"curies":[{"name":"wp","href":"https:\/\/api.w.org\/{rel}","templated":true}]}}